{"id":11232,"date":"2023-11-11T15:09:13","date_gmt":"2023-11-11T14:09:13","guid":{"rendered":"https:\/\/grandior.edensgarden.cz\/services\/beer-spa\/"},"modified":"2024-05-24T15:44:18","modified_gmt":"2024-05-24T13:44:18","slug":"beer-spa","status":"publish","type":"page","link":"https:\/\/grandior.edensgarden.cz\/en\/services\/beer-spa\/","title":{"rendered":"Beer spa"},"content":{"rendered":"<p>[et_pb_section fb_built=&#8221;1&#8243; admin_label=&#8221;Header 1&#8243; _builder_version=&#8221;4.23&#8243; _module_preset=&#8221;5301bef4-0c22-4564-bb60-d4a55671949c&#8221; background_image=&#8221;https:\/\/grandior.edensgarden.cz\/wp-content\/uploads\/2023\/11\/Edens-Garden-massage-and-SPA-Grandior-beer-spa.jpg&#8221; background_position=&#8221;center&#8221; collapsed=&#8221;on&#8221; global_colors_info=&#8221;{}&#8221;][et_pb_row use_custom_gutter=&#8221;on&#8221; gutter_width=&#8221;1&#8243; _builder_version=&#8221;4.21.0&#8243; _module_preset=&#8221;default&#8221; max_width=&#8221;900px&#8221; custom_margin=&#8221;0px||0px||true|false&#8221; custom_margin_tablet=&#8221;0px||0px||true|false&#8221; custom_margin_phone=&#8221;0px||0px||true|false&#8221; custom_margin_last_edited=&#8221;on|desktop&#8221; custom_padding=&#8221;0px||||false|false&#8221; global_colors_info=&#8221;{}&#8221;][et_pb_column type=&#8221;4_4&#8243; _builder_version=&#8221;4.16&#8243; _module_preset=&#8221;default&#8221; global_colors_info=&#8221;{}&#8221;][et_pb_image src=&#8221;\/img\/edensgarden-grandior-logo-white.svg&#8221; alt=&#8221;Eden&#8217;s Garden logo&#8221; title_text=&#8221;Eden&#8217;s Garden&#8221; url=&#8221;\/&#8221; show_bottom_space=&#8221;off&#8221; align=&#8221;center&#8221; _builder_version=&#8221;4.23&#8243; _module_preset=&#8221;default&#8221; max_width=&#8221;180px&#8221; max_width_tablet=&#8221;160px&#8221; max_width_phone=&#8221;140px&#8221; max_width_last_edited=&#8221;on|phone&#8221; custom_margin=&#8221;||10px||false|false&#8221; custom_margin_tablet=&#8221;20px||||false|false&#8221; custom_margin_phone=&#8221;30px||||false|false&#8221; custom_margin_last_edited=&#8221;on|tablet&#8221; custom_padding=&#8221;|||12px|false|false&#8221; custom_padding_tablet=&#8221;|||10px|false|false&#8221; custom_padding_phone=&#8221;|||2px|false|false&#8221; custom_padding_last_edited=&#8221;on|desktop&#8221; scroll_vertical_motion_enable=&#8221;on&#8221; scroll_vertical_motion=&#8221;0|96|96|100|0|0|-1&#8243; motion_trigger_start=&#8221;top&#8221; saved_tabs=&#8221;all&#8221; global_colors_info=&#8221;{}&#8221;][\/et_pb_image][et_pb_text _builder_version=&#8221;4.21.0&#8243; _dynamic_attributes=&#8221;content&#8221; _module_preset=&#8221;f6ab2547-11ce-4f17-9af3-4a384be893be&#8221; global_colors_info=&#8221;{}&#8221;]@ET-DC@eyJkeW5hbWljIjp0cnVlLCJjb250ZW50IjoicG9zdF90aXRsZSIsInNldHRpbmdzIjp7ImJlZm9yZSI6IjxoMT4iLCJhZnRlciI6IjwvaDE+IiwiZW5hYmxlX2h0bWwiOiJvZmYifX0=@[\/et_pb_text][et_pb_text _builder_version=&#8221;4.21.0&#8243; _module_preset=&#8221;9d367a52-2eb1-43cf-a481-c9f4e37c8f1f&#8221; global_colors_info=&#8221;{}&#8221;]<\/p>\n<p>Eden&#8217;s Garden is more than just relaxation<\/p>\n<p>[\/et_pb_text][\/et_pb_column][\/et_pb_row][\/et_pb_section][et_pb_section fb_built=&#8221;1&#8243; admin_label=&#8221;Perex&#8221; module_class=&#8221;tbvs-section-dark&#8221; _builder_version=&#8221;4.20.4&#8243; _module_preset=&#8221;default&#8221; background_color=&#8221;#111111&#8243; custom_margin=&#8221;12px||12px||true|&#8221; custom_padding=&#8221;12px||12px||true|false&#8221; collapsed=&#8221;off&#8221; global_colors_info=&#8221;{}&#8221;][et_pb_row module_class=&#8221;tbvs-inline-button-center&#8221; _builder_version=&#8221;4.25.1&#8243; _module_preset=&#8221;default&#8221; max_width=&#8221;780px&#8221; custom_padding=&#8221;||30px||false|false&#8221; global_colors_info=&#8221;{}&#8221;][et_pb_column type=&#8221;4_4&#8243; _builder_version=&#8221;4.16&#8243; _module_preset=&#8221;default&#8221; global_colors_info=&#8221;{}&#8221;][et_pb_text _builder_version=&#8221;4.23.1&#8243; _module_preset=&#8221;d42ddb61-4978-433c-93a3-27cdba76bfaf&#8221; global_colors_info=&#8221;{}&#8221;]<\/p>\n<h3>Enjoy a bath in hop extract<\/h3>\n<p>[\/et_pb_text][et_pb_text disabled_on=&#8221;off|off|off&#8221; _builder_version=&#8221;4.25.1&#8243; _module_preset=&#8221;default&#8221; header_2_font=&#8221;Montserrat|800|||||||&#8221; header_2_font_size=&#8221;38px&#8221; text_orientation=&#8221;center&#8221; background_layout=&#8221;dark&#8221; custom_margin=&#8221;||40px||false|false&#8221; global_colors_info=&#8221;{}&#8221;]<\/p>\n<p>Everyone in the world knows very well that the Czechs are among the absolute leaders in beer production and related procedures. If you visit Prague you should not miss the experience of a real beer spa. Here you can literally load yourself up with hop extract, yeast and other herbs, all duly infused with excellent Czech black beer. This is a warm bath in stylish oak vats, which you can share with your partner or friend for a unique experience while sipping great beer. Our beer baths offer a total of three such vats, so you can come as a group and enjoy this exciting experience together.<\/p>\n<p>[\/et_pb_text][et_pb_button button_url=&#8221;https:\/\/grandior.edensgarden.cz\/en\/services\/beer-spa\/beer-spa-reservation\/&#8221; button_text=&#8221;Reservation&#8221; _builder_version=&#8221;4.23.1&#8243; _module_preset=&#8221;default&#8221; button_text_color=&#8221;#000000&#8243; global_colors_info=&#8221;{}&#8221; button_text_color__hover_enabled=&#8221;off|desktop&#8221;][\/et_pb_button][et_pb_text _builder_version=&#8221;4.25.1&#8243; _module_preset=&#8221;d42ddb61-4978-433c-93a3-27cdba76bfaf&#8221; custom_margin=&#8221;40px||5px||false|false&#8221; global_colors_info=&#8221;{}&#8221;]<\/p>\n<h3>Beer Baths with Unlimited Free Beer!<\/h3>\n<p>[\/et_pb_text][et_pb_text disabled_on=&#8221;off|off|off&#8221; _builder_version=&#8221;4.25.1&#8243; _module_preset=&#8221;default&#8221; header_2_font=&#8221;Montserrat|800|||||||&#8221; header_2_font_size=&#8221;38px&#8221; text_orientation=&#8221;center&#8221; background_layout=&#8221;dark&#8221; global_colors_info=&#8221;{}&#8221;]<\/p>\n<p>As a bonus, our customers have unlimited access to taste original Czech beer for free during their bath. This way, you can not only relax and enjoy the soothing procedure, but also taste various types of beer right in the bath. This unique experience combines the best of traditional Czech beer culture and modern wellness, ensuring you an unforgettable and revitalizing experience.<\/p>\n<p>[\/et_pb_text][\/et_pb_column][\/et_pb_row][et_pb_row module_id=&#8221;beer-spa&#8221; module_class=&#8221;tbvs-inline-button-center&#8221; _builder_version=&#8221;4.23&#8243; _module_preset=&#8221;default&#8221; custom_padding=&#8221;||40px|||&#8221; global_colors_info=&#8221;{}&#8221;][et_pb_column type=&#8221;4_4&#8243; _builder_version=&#8221;4.16&#8243; _module_preset=&#8221;default&#8221; global_colors_info=&#8221;{}&#8221;][et_pb_text _builder_version=&#8221;4.23&#8243; _module_preset=&#8221;d42ddb61-4978-433c-93a3-27cdba76bfaf&#8221; custom_margin=&#8221;||30px||false|false&#8221; global_colors_info=&#8221;{}&#8221;]<\/p>\n<h3>Grandior Spa Beer Spa Price List<\/h3>\n<p>[\/et_pb_text][dvmd_table_maker tbl_responsive_breakpoint=&#8221;max_width_767&#8243; tbl_responsive_break_by=&#8221;row&#8221; tbl_responsive_display_as=&#8221;accordion&#8221; tbl_frame_type=&#8221;none&#8221; tbl_stripes_active=&#8221;on&#8221; tbl_stripes_order=&#8221;odd&#8221; tbl_stripes_effect=&#8221;color&#8221; tbl_stripes_color=&#8221;#191919&#8243; tbl_stripes_apply=&#8221;on|on|off|on|off&#8221; tbl_tcell_cell_color=&#8221;RGBA(255,255,255,0)&#8221; tbl_tcell_cell_align_horz=&#8221;center&#8221; tbl_tcell_cell_align_vert=&#8221;center&#8221; tbl_chead_cell_padding=&#8221;||||false|false&#8221; tbl_rhead_cell_padding=&#8221;||||false|false&#8221; _builder_version=&#8221;4.25.1&#8243; _module_preset=&#8221;default&#8221; background_color=&#8221;#0f0f0f&#8221; max_width=&#8221;480px&#8221; module_alignment=&#8221;center&#8221; custom_margin=&#8221;||19px|||&#8221; hover_enabled=&#8221;0&#8243; border_width_bottom=&#8221;1px&#8221; border_color_all_tbl_tcell_cell_border=&#8221;RGBA(255,255,255,0)&#8221; global_colors_info=&#8221;{}&#8221; sticky_enabled=&#8221;0&#8243;][dvmd_table_maker_item col_label=&#8221;Pivn\u00ed L\u00e1zn\u011b&#8221; col_content=&#8221;<br \/>\n1 person<br \/>\n2 persons<br \/>\n3 persons<br \/>\n4 persons<br \/>\n5 persons<br \/>\n6 persons&#8221; col_tcell_cell_color=&#8221;RGBA(255,255,255,0)&#8221; col_tcell_cell_align_horz=&#8221;left&#8221; col_rhead_cell_color=&#8221;#111111&#8243; col_rfoot_cell_color=&#8221;RGBA(255,255,255,0)&#8221; _builder_version=&#8221;4.25.1&#8243; _module_preset=&#8221;default&#8221; col_tcell_text_text_color=&#8221;#FFFFFF&#8221; col_rhead_text_text_color=&#8221;#FFFFFF&#8221; hover_enabled=&#8221;0&#8243; border_width_all_col_tcell_cell_border=&#8221;0px&#8221; border_color_all_col_tcell_cell_border=&#8221;RGBA(255,255,255,0)&#8221; border_color_right_col_tcell_cell_border=&#8221;#FFFFFF&#8221; border_style_right_col_tcell_cell_border=&#8221;solid&#8221; border_color_all_col_chead_cell_border=&#8221;RGBA(255,255,255,0)&#8221; border_color_all_col_rhead_cell_border=&#8221;RGBA(255,255,255,0)&#8221; border_color_all_col_rfoot_cell_border=&#8221;RGBA(255,255,255,0)&#8221; global_colors_info=&#8221;{}&#8221; sticky_enabled=&#8221;0&#8243;][\/dvmd_table_maker_item][dvmd_table_maker_item col_label=&#8221;60 min&#8221; col_content=&#8221;60 min<br \/>\n89 EUR<br \/>\n119 EUR<br \/>\n189 EUR<br \/>\n219 EUR<br \/>\n239 EUR<br \/>\n259 EUR&#8221; col_tcell_cell_color=&#8221;rgba(1,142,112,0)&#8221; col_tcell_cell_align_horz=&#8221;center&#8221; col_tcell_cell_align_vert=&#8221;center&#8221; col_chead_cell_color=&#8221;#262626&#8243; col_cfoot_cell_color=&#8221;RGBA(255,255,255,0)&#8221; col_rhead_cell_color=&#8221;#111111&#8243; col_rfoot_cell_color=&#8221;RGBA(255,255,255,0)&#8221; _builder_version=&#8221;4.25.1&#8243; _module_preset=&#8221;default&#8221; col_tcell_text_text_color=&#8221;#FFFFFF&#8221; col_rhead_text_text_color=&#8221;#FFFFFF&#8221; hover_enabled=&#8221;0&#8243; border_color_all_col_chead_cell_border=&#8221;RGBA(255,255,255,0)&#8221; border_color_all_col_rhead_cell_border=&#8221;RGBA(255,255,255,0)&#8221; border_color_all_col_rfoot_cell_border=&#8221;RGBA(255,255,255,0)&#8221; global_colors_info=&#8221;{}&#8221; sticky_enabled=&#8221;0&#8243;][\/dvmd_table_maker_item][\/dvmd_table_maker][et_pb_text _builder_version=&#8221;4.23.1&#8243; _module_preset=&#8221;default&#8221; text_font_size=&#8221;17px&#8221; text_orientation=&#8221;center&#8221; max_width=&#8221;480px&#8221; module_alignment=&#8221;center&#8221; global_colors_info=&#8221;{}&#8221;]<\/p>\n<p>A private sauna with a minibar can be added to the beer bath: +65 EUR for 60 min. or +119 EUR for 120 min.<\/p>\n<p>[\/et_pb_text][\/et_pb_column][\/et_pb_row][\/et_pb_section][et_pb_section fb_built=&#8221;1&#8243; admin_label=&#8221;Perex&#8221; module_class=&#8221;tbvs-section-dark&#8221; _builder_version=&#8221;4.20.4&#8243; _module_preset=&#8221;default&#8221; background_color=&#8221;#111111&#8243; custom_margin=&#8221;12px||12px||true|&#8221; custom_padding=&#8221;12px||12px||true|false&#8221; collapsed=&#8221;off&#8221; global_colors_info=&#8221;{}&#8221;][et_pb_row _builder_version=&#8221;4.23.1&#8243; _module_preset=&#8221;default&#8221; global_colors_info=&#8221;{}&#8221;][et_pb_column type=&#8221;4_4&#8243; _builder_version=&#8221;4.23.1&#8243; _module_preset=&#8221;default&#8221; global_colors_info=&#8221;{}&#8221;][dsm_image_accordion _builder_version=&#8221;4.23.1&#8243; _module_preset=&#8221;default&#8221; border_radii=&#8221;on|12px|12px|12px|12px&#8221; locked=&#8221;off&#8221; global_colors_info=&#8221;{}&#8221;][dsm_image_accordion_child image_accordion_src=&#8221;https:\/\/grandior.edensgarden.cz\/wp-content\/uploads\/2023\/11\/Edens-Garden-massage-and-SPA-Grandior-beer-spa-5-1024&#215;683.jpg&#8221; _builder_version=&#8221;4.23.1&#8243; _module_preset=&#8221;default&#8221; global_colors_info=&#8221;{}&#8221;][\/dsm_image_accordion_child][dsm_image_accordion_child image_accordion_src=&#8221;https:\/\/grandior.edensgarden.cz\/wp-content\/uploads\/2023\/11\/Edens-Garden-massage-and-SPA-Grandior-beer-spa-3-1024&#215;683.jpg&#8221; _builder_version=&#8221;4.23.1&#8243; _module_preset=&#8221;default&#8221; global_colors_info=&#8221;{}&#8221;][\/dsm_image_accordion_child][dsm_image_accordion_child image_accordion_src=&#8221;https:\/\/grandior.edensgarden.cz\/wp-content\/uploads\/2023\/11\/Edens-Garden-massage-and-SPA-Grandior-beer-spa-1-1024&#215;683.jpg&#8221; _builder_version=&#8221;4.23.1&#8243; _module_preset=&#8221;default&#8221; global_colors_info=&#8221;{}&#8221;][\/dsm_image_accordion_child][dsm_image_accordion_child image_accordion_src=&#8221;https:\/\/grandior.edensgarden.cz\/wp-content\/uploads\/2023\/11\/Edens-Garden-massage-and-SPA-Grandior-rest-room-1-1024&#215;683.jpg&#8221; _builder_version=&#8221;4.23.1&#8243; _module_preset=&#8221;default&#8221; global_colors_info=&#8221;{}&#8221;][\/dsm_image_accordion_child][\/dsm_image_accordion][\/et_pb_column][\/et_pb_row][\/et_pb_section][et_pb_section fb_built=&#8221;1&#8243; disabled_on=&#8221;off|off|off&#8221; admin_label=&#8221;Druhy mas\u00e1\u017e\u00ed&#8221; module_id=&#8221;reservation&#8221; module_class=&#8221;tbvs-section-dark&#8221; _builder_version=&#8221;4.23&#8243; _module_preset=&#8221;default&#8221; background_color=&#8221;#111111&#8243; custom_padding=&#8221;32px||32px||true|false&#8221; global_module=&#8221;10916&#8243; saved_tabs=&#8221;all&#8221; collapsed=&#8221;off&#8221; global_colors_info=&#8221;{}&#8221;][et_pb_row _builder_version=&#8221;4.23&#8243; _module_preset=&#8221;default&#8221; max_width=&#8221;750px&#8221; custom_padding=&#8221;||3px||false|false&#8221; global_colors_info=&#8221;{}&#8221;][et_pb_column type=&#8221;4_4&#8243; _builder_version=&#8221;4.16&#8243; _module_preset=&#8221;default&#8221; global_colors_info=&#8221;{}&#8221;][et_pb_text disabled_on=&#8221;on|on|on&#8221; _builder_version=&#8221;4.23&#8243; _module_preset=&#8221;d42ddb61-4978-433c-93a3-27cdba76bfaf&#8221; header_3_font_size_tablet=&#8221;18px&#8221; header_3_font_size_phone=&#8221;16px&#8221; header_3_font_size_last_edited=&#8221;on|phone&#8221; disabled=&#8221;on&#8221; global_colors_info=&#8221;{}&#8221;]<\/p>\n<h3>Already 3 times in Prague<\/h3>\n<p>[\/et_pb_text][et_pb_text disabled_on=&#8221;off|off|off&#8221; _builder_version=&#8221;4.23&#8243; _module_preset=&#8221;default&#8221; header_2_font=&#8221;Titillium Web|700|||||||&#8221; header_2_font_size=&#8221;49px&#8221; header_2_line_height=&#8221;1.1em&#8221; text_orientation=&#8221;center&#8221; background_layout=&#8221;dark&#8221; hover_transition_duration=&#8221;0ms&#8221; header_2_font_size_tablet=&#8221;30px&#8221; header_2_font_size_phone=&#8221;23px&#8221; header_2_font_size_last_edited=&#8221;on|phone&#8221; global_colors_info=&#8221;{}&#8221;]<\/p>\n<h2>Reservation<\/h2>\n<p>[\/et_pb_text][\/et_pb_column][\/et_pb_row][et_pb_row column_structure=&#8221;1_4,1_4,1_4,1_4&#8243; use_custom_gutter=&#8221;on&#8221; gutter_width=&#8221;2&#8243; admin_label=&#8221;Row 4 benefits&#8221; module_class=&#8221;tbvs-blurb&#8221; _builder_version=&#8221;4.23&#8243; _module_preset=&#8221;default&#8221; custom_margin=&#8221;14px||3px||false|false&#8221; custom_padding=&#8221;3px|14px|3px|14px|true|true&#8221; hover_transition_duration=&#8221;0ms&#8221; border_radii=&#8221;on|12px|12px|12px|12px&#8221; global_colors_info=&#8221;{}&#8221; transform_styles__hover_enabled=&#8221;off|desktop&#8221; transform_scale__hover=&#8221;102%|102%&#8221; transform_scale__hover_enabled=&#8221;off|desktop&#8221; transform_translate__hover_enabled=&#8221;off|desktop&#8221; transform_rotate__hover_enabled=&#8221;off|desktop&#8221; transform_skew__hover_enabled=&#8221;off|desktop&#8221; transform_origin__hover_enabled=&#8221;off|desktop&#8221; background_color__hover=&#8221;#262626&#8243; background__hover_enabled=&#8221;off|desktop&#8221; background_enable_color__hover=&#8221;on&#8221;][et_pb_column type=&#8221;1_4&#8243; _builder_version=&#8221;4.20.2&#8243; _module_preset=&#8221;default&#8221; global_colors_info=&#8221;{}&#8221;][et_pb_blurb title=&#8221;Book Now&#8221; url=&#8221;https:\/\/grandior.edensgarden.cz\/en\/services\/reservation\/&#8221; use_icon=&#8221;on&#8221; font_icon=&#8221;&#xe0e3;||divi||400&#8243; image_icon_background_color=&#8221;RGBA(255,255,255,0)&#8221; image_icon_width=&#8221;60px&#8221; module_class=&#8221;tbvs-blurb&#8221; _builder_version=&#8221;4.23.1&#8243; _module_preset=&#8221;default&#8221; header_level=&#8221;h2&#8243; header_font=&#8221;Titillium Web|600|||||||&#8221; header_text_color=&#8221;#87CA04&#8243; header_font_size=&#8221;26px&#8221; body_font=&#8221;Titillium Web||||||||&#8221; body_font_size=&#8221;18px&#8221; text_orientation=&#8221;center&#8221; background_layout=&#8221;dark&#8221; custom_margin=&#8221;14px||3px||false|false&#8221; custom_padding=&#8221;16px|14px|16px|14px|true|true&#8221; hover_transition_duration=&#8221;0ms&#8221; link_option_url=&#8221;https:\/\/grandior.edensgarden.cz\/en\/services\/reservation\/&#8221; border_radii=&#8221;on|12px|12px|12px|12px&#8221; icon_font_size=&#8221;30px&#8221; use_circle=&#8221;on&#8221; circle_color=&#8221;#0000FF&#8221; global_colors_info=&#8221;{}&#8221; image_icon_background_color__sticky_enabled=&#8221;#87ca04&#8243; image_icon_background_color__sticky=&#8221;#87ca04&#8243; transform_styles__hover_enabled=&#8221;on|hover&#8221; transform_scale__hover_enabled=&#8221;on|hover&#8221; transform_translate__hover_enabled=&#8221;on|hover&#8221; transform_rotate__hover_enabled=&#8221;on|hover&#8221; transform_skew__hover_enabled=&#8221;on|hover&#8221; transform_origin__hover_enabled=&#8221;on|hover&#8221; background__hover_enabled=&#8221;on|hover&#8221; background_color__hover=&#8221;#262626&#8243; background_enable_color__hover=&#8221;on&#8221; transform_scale__hover=&#8221;102%|102%&#8221; header_text_color__hover_enabled=&#8221;on|hover&#8221; header_text_color__hover=&#8221;#C4FA59&#8243; icon_color__hover_enabled=&#8221;on|hover&#8221; icon_color__hover=&#8221;#C4FA59&#8243;]<\/p>\n<p>Book conveniently from your mobile, tablet or computer.<\/p>\n<p>[\/et_pb_blurb][\/et_pb_column][et_pb_column type=&#8221;1_4&#8243; _builder_version=&#8221;4.20.2&#8243; _module_preset=&#8221;default&#8221; global_colors_info=&#8221;{}&#8221;][et_pb_blurb title=&#8221;Grandior Spa Reception&#8221; use_icon=&#8221;on&#8221; font_icon=&#8221;&#xf1ad;||fa||900&#8243; image_icon_background_color=&#8221;RGBA(255,255,255,0)&#8221; image_icon_width=&#8221;60px&#8221; module_class=&#8221;tbvs-blurb&#8221; _builder_version=&#8221;4.23.1&#8243; _module_preset=&#8221;default&#8221; header_level=&#8221;h2&#8243; header_font=&#8221;Titillium Web|600|||||||&#8221; header_text_color=&#8221;#87CA04&#8243; header_font_size=&#8221;26px&#8221; body_font=&#8221;Titillium Web||||||||&#8221; body_font_size=&#8221;18px&#8221; text_orientation=&#8221;center&#8221; background_layout=&#8221;dark&#8221; custom_margin=&#8221;14px||3px||false|false&#8221; custom_padding=&#8221;16px|14px|16px|14px|true|true&#8221; hover_transition_duration=&#8221;0ms&#8221; border_radii=&#8221;on|12px|12px|12px|12px&#8221; icon_font_size=&#8221;30px&#8221; use_circle=&#8221;on&#8221; circle_color=&#8221;#0000FF&#8221; global_colors_info=&#8221;{}&#8221; image_icon_background_color__sticky_enabled=&#8221;#87ca04&#8243; image_icon_background_color__sticky=&#8221;#87ca04&#8243; transform_styles__hover_enabled=&#8221;on|hover&#8221; transform_scale__hover_enabled=&#8221;on|hover&#8221; transform_translate__hover_enabled=&#8221;on|hover&#8221; transform_rotate__hover_enabled=&#8221;on|hover&#8221; transform_skew__hover_enabled=&#8221;on|hover&#8221; transform_origin__hover_enabled=&#8221;on|hover&#8221; background__hover_enabled=&#8221;on|hover&#8221; background_color__hover=&#8221;#262626&#8243; background_enable_color__hover=&#8221;on&#8221; transform_scale__hover=&#8221;102%|102%&#8221;]<\/p>\n<p>Come and meet us at the reception in the hotel lobby.<\/p>\n<p>[\/et_pb_blurb][\/et_pb_column][et_pb_column type=&#8221;1_4&#8243; _builder_version=&#8221;4.20.2&#8243; _module_preset=&#8221;default&#8221; global_colors_info=&#8221;{}&#8221;][et_pb_blurb title=&#8221;+420 734 739 973&#8243; url=&#8221;tel:+420734739973&#8243; use_icon=&#8221;on&#8221; font_icon=&#8221;&#xf3cd;||fa||900&#8243; image_icon_background_color=&#8221;RGBA(255,255,255,0)&#8221; image_icon_width=&#8221;60px&#8221; module_class=&#8221;tbvs-blurb&#8221; _builder_version=&#8221;4.23.1&#8243; _module_preset=&#8221;default&#8221; header_level=&#8221;h2&#8243; header_font=&#8221;Titillium Web|600|||||||&#8221; header_text_color=&#8221;#87CA04&#8243; header_font_size=&#8221;26px&#8221; body_font=&#8221;Titillium Web||||||||&#8221; body_font_size=&#8221;18px&#8221; text_orientation=&#8221;center&#8221; background_layout=&#8221;dark&#8221; custom_margin=&#8221;14px||3px||false|false&#8221; custom_padding=&#8221;16px|14px|16px|14px|true|true&#8221; hover_transition_duration=&#8221;0ms&#8221; link_option_url=&#8221;Tel:+420734739973&#8243; border_radii=&#8221;on|12px|12px|12px|12px&#8221; icon_font_size=&#8221;30px&#8221; use_circle=&#8221;on&#8221; circle_color=&#8221;#0000FF&#8221; global_colors_info=&#8221;{}&#8221; image_icon_background_color__sticky_enabled=&#8221;#87ca04&#8243; image_icon_background_color__sticky=&#8221;#87ca04&#8243; transform_styles__hover_enabled=&#8221;on|hover&#8221; background_color__hover=&#8221;#262626&#8243; background_enable_color__hover=&#8221;on&#8221; transform_scale__hover=&#8221;102%|102%&#8221; transform_scale__hover_enabled=&#8221;on|hover&#8221; transform_translate__hover_enabled=&#8221;on|hover&#8221; transform_rotate__hover_enabled=&#8221;on|hover&#8221; transform_skew__hover_enabled=&#8221;on|hover&#8221; transform_origin__hover_enabled=&#8221;on|hover&#8221; background__hover_enabled=&#8221;on|hover&#8221; header_text_color__hover_enabled=&#8221;on|desktop&#8221; header_text_color__hover=&#8221;#C4FA59&#8243; icon_color__hover_enabled=&#8221;on|desktop&#8221; icon_color__hover=&#8221;#C4FA59&#8243;]<\/p>\n<p>Wherever you are, give us a call.<\/p>\n<p>[\/et_pb_blurb][\/et_pb_column][et_pb_column type=&#8221;1_4&#8243; _builder_version=&#8221;4.20.2&#8243; _module_preset=&#8221;default&#8221; global_colors_info=&#8221;{}&#8221;][et_pb_blurb title=&#8221;5295&#8243; use_icon=&#8221;on&#8221; font_icon=&#8221;&#xf2a0;||fa||900&#8243; image_icon_background_color=&#8221;RGBA(255,255,255,0)&#8221; image_icon_width=&#8221;60px&#8221; module_class=&#8221;tbvs-blurb&#8221; _builder_version=&#8221;4.23.1&#8243; _module_preset=&#8221;default&#8221; header_level=&#8221;h2&#8243; header_font=&#8221;Titillium Web|600|||||||&#8221; header_text_color=&#8221;#87CA04&#8243; header_font_size=&#8221;26px&#8221; body_font=&#8221;Titillium Web||||||||&#8221; body_font_size=&#8221;18px&#8221; text_orientation=&#8221;center&#8221; background_layout=&#8221;dark&#8221; custom_margin=&#8221;14px||3px||false|false&#8221; custom_padding=&#8221;16px|14px|16px|14px|true|true&#8221; hover_transition_duration=&#8221;0ms&#8221; border_radii=&#8221;on|12px|12px|12px|12px&#8221; icon_font_size=&#8221;30px&#8221; use_circle=&#8221;on&#8221; circle_color=&#8221;#0000FF&#8221; global_colors_info=&#8221;{}&#8221; image_icon_background_color__sticky_enabled=&#8221;#87ca04&#8243; image_icon_background_color__sticky=&#8221;#87ca04&#8243; transform_styles__hover_enabled=&#8221;on|hover&#8221; background_color__hover=&#8221;#262626&#8243; background_enable_color__hover=&#8221;on&#8221; transform_scale__hover=&#8221;102%|102%&#8221; transform_scale__hover_enabled=&#8221;on|hover&#8221; transform_translate__hover_enabled=&#8221;on|hover&#8221; transform_rotate__hover_enabled=&#8221;on|hover&#8221; transform_skew__hover_enabled=&#8221;on|hover&#8221; transform_origin__hover_enabled=&#8221;on|hover&#8221; background__hover_enabled=&#8221;on|hover&#8221;]<\/p>\n<p>Call us directly from your room at Grandior hotel.<\/p>\n<p>[\/et_pb_blurb][\/et_pb_column][\/et_pb_row][et_pb_row module_class=&#8221;tbvs-inline-button-center&#8221; _builder_version=&#8221;4.20.4&#8243; _module_preset=&#8221;default&#8221; max_width=&#8221;750px&#8221; custom_padding=&#8221;||3px||false|false&#8221; global_colors_info=&#8221;{}&#8221;][et_pb_column type=&#8221;4_4&#8243; _builder_version=&#8221;4.16&#8243; _module_preset=&#8221;default&#8221; global_colors_info=&#8221;{}&#8221;][et_pb_divider show_divider=&#8221;off&#8221; _builder_version=&#8221;4.23&#8243; _module_preset=&#8221;default&#8221; height=&#8221;30px&#8221; global_colors_info=&#8221;{}&#8221;][\/et_pb_divider][\/et_pb_column][\/et_pb_row][\/et_pb_section]<\/p>\n","protected":false},"excerpt":{"rendered":"<p>Eden&#8217;s Garden is more than just relaxationEnjoy a bath in hop extractEveryone in the world knows very well that the Czechs are among the absolute leaders in beer production and related procedures. If you visit Prague you should not miss the experience of a real beer spa. Here you can literally load yourself up with hop extract, yeast and other herbs, all duly infused with excellent Czech black beer. This is a warm bath in stylish oak vats, which you can share with your partner or friend for a unique experience while sipping great beer. Our beer baths offer a total of three such vats, so you can come as a group and enjoy this exciting experience together.Beer Baths with Unlimited Free Beer!As a bonus, our customers have unlimited access to taste original Czech beer for free during their bath. This way, you can not only relax and enjoy the soothing procedure, but also taste various types of beer right in the bath. This unique experience combines the best of traditional Czech beer culture and modern wellness, ensuring you an unforgettable and revitalizing experience.Grandior Spa Beer Spa Price List<div class=\"et_pb_module dvmd_table_maker dvmd_table_maker_0 dvmd_tm_version_4_0_1\">\n\t\t\t\t\n\t\t\t\t\n\t\t\t\t\n\t\t\t\t\n\t\t\t\t\n\t\t\t\t\n\t\t\t\t<div class=\"et_pb_module_inner\">\n\t\t\t\t\t\n\t\t\t\t<\/div>\n\t\t\t<\/div><\/p>\n","protected":false},"author":2,"featured_media":0,"parent":8270,"menu_order":3,"comment_status":"closed","ping_status":"closed","template":"","meta":{"_et_pb_use_builder":"on","_et_pb_old_content":"","_et_gb_content_width":"","footnotes":""},"class_list":["post-11232","page","type-page","status-publish","hentry"],"_links":{"self":[{"href":"https:\/\/grandior.edensgarden.cz\/en\/wp-json\/wp\/v2\/pages\/11232","targetHints":{"allow":["GET"]}}],"collection":[{"href":"https:\/\/grandior.edensgarden.cz\/en\/wp-json\/wp\/v2\/pages"}],"about":[{"href":"https:\/\/grandior.edensgarden.cz\/en\/wp-json\/wp\/v2\/types\/page"}],"author":[{"embeddable":true,"href":"https:\/\/grandior.edensgarden.cz\/en\/wp-json\/wp\/v2\/users\/2"}],"replies":[{"embeddable":true,"href":"https:\/\/grandior.edensgarden.cz\/en\/wp-json\/wp\/v2\/comments?post=11232"}],"version-history":[{"count":0,"href":"https:\/\/grandior.edensgarden.cz\/en\/wp-json\/wp\/v2\/pages\/11232\/revisions"}],"up":[{"embeddable":true,"href":"https:\/\/grandior.edensgarden.cz\/en\/wp-json\/wp\/v2\/pages\/8270"}],"wp:attachment":[{"href":"https:\/\/grandior.edensgarden.cz\/en\/wp-json\/wp\/v2\/media?parent=11232"}],"curies":[{"name":"wp","href":"https:\/\/api.w.org\/{rel}","templated":true}]}}