{"id":11239,"date":"2023-11-11T15:24:54","date_gmt":"2023-11-11T14:24:54","guid":{"rendered":"https:\/\/grandior.edensgarden.cz\/services\/spa-treatments\/"},"modified":"2023-12-04T11:05:46","modified_gmt":"2023-12-04T10:05:46","slug":"spa-treatments","status":"publish","type":"page","link":"https:\/\/grandior.edensgarden.cz\/en\/services\/spa-treatments\/","title":{"rendered":"Spa treatments"},"content":{"rendered":"<p>[et_pb_section fb_built=&#8221;1&#8243; admin_label=&#8221;Header 1&#8243; _builder_version=&#8221;4.23&#8243; _module_preset=&#8221;5301bef4-0c22-4564-bb60-d4a55671949c&#8221; background_image=&#8221;https:\/\/grandior.edensgarden.cz\/wp-content\/uploads\/2023\/11\/Edens-Garden-massage-and-SPA-Grandior-hammam-ritual.jpg&#8221; background_position=&#8221;center&#8221; collapsed=&#8221;on&#8221; global_colors_info=&#8221;{}&#8221;][et_pb_row use_custom_gutter=&#8221;on&#8221; gutter_width=&#8221;1&#8243; _builder_version=&#8221;4.21.0&#8243; _module_preset=&#8221;default&#8221; max_width=&#8221;900px&#8221; custom_margin=&#8221;0px||0px||true|false&#8221; custom_margin_tablet=&#8221;0px||0px||true|false&#8221; custom_margin_phone=&#8221;0px||0px||true|false&#8221; custom_margin_last_edited=&#8221;on|desktop&#8221; custom_padding=&#8221;0px||||false|false&#8221; global_colors_info=&#8221;{}&#8221;][et_pb_column type=&#8221;4_4&#8243; _builder_version=&#8221;4.16&#8243; _module_preset=&#8221;default&#8221; global_colors_info=&#8221;{}&#8221;][et_pb_image src=&#8221;\/img\/edensgarden-grandior-logo-white.svg&#8221; alt=&#8221;Eden&#8217;s Garden logo&#8221; title_text=&#8221;Eden&#8217;s Garden&#8221; url=&#8221;\/&#8221; show_bottom_space=&#8221;off&#8221; align=&#8221;center&#8221; _builder_version=&#8221;4.23&#8243; _module_preset=&#8221;default&#8221; max_width=&#8221;180px&#8221; max_width_tablet=&#8221;160px&#8221; max_width_phone=&#8221;140px&#8221; max_width_last_edited=&#8221;on|phone&#8221; custom_margin=&#8221;||10px||false|false&#8221; custom_margin_tablet=&#8221;20px||||false|false&#8221; custom_margin_phone=&#8221;30px||||false|false&#8221; custom_margin_last_edited=&#8221;on|tablet&#8221; custom_padding=&#8221;|||12px|false|false&#8221; custom_padding_tablet=&#8221;|||10px|false|false&#8221; custom_padding_phone=&#8221;|||2px|false|false&#8221; custom_padding_last_edited=&#8221;on|desktop&#8221; scroll_vertical_motion_enable=&#8221;on&#8221; scroll_vertical_motion=&#8221;0|96|96|100|0|0|-1&#8243; motion_trigger_start=&#8221;top&#8221; saved_tabs=&#8221;all&#8221; global_colors_info=&#8221;{}&#8221;][\/et_pb_image][et_pb_text _builder_version=&#8221;4.21.0&#8243; _dynamic_attributes=&#8221;content&#8221; _module_preset=&#8221;f6ab2547-11ce-4f17-9af3-4a384be893be&#8221; global_colors_info=&#8221;{}&#8221;]@ET-DC@eyJkeW5hbWljIjp0cnVlLCJjb250ZW50IjoicG9zdF90aXRsZSIsInNldHRpbmdzIjp7ImJlZm9yZSI6IjxoMT4iLCJhZnRlciI6IjwvaDE+In19@[\/et_pb_text][et_pb_text _builder_version=&#8221;4.21.0&#8243; _module_preset=&#8221;9d367a52-2eb1-43cf-a481-c9f4e37c8f1f&#8221; global_colors_info=&#8221;{}&#8221;]<\/p>\n<p>Eden&#8217;s Garden is more than just relaxation<\/p>\n<p>[\/et_pb_text][\/et_pb_column][\/et_pb_row][\/et_pb_section][et_pb_section fb_built=&#8221;1&#8243; admin_label=&#8221;Perex&#8221; module_class=&#8221;tbvs-section-dark&#8221; _builder_version=&#8221;4.20.4&#8243; _module_preset=&#8221;default&#8221; background_color=&#8221;#111111&#8243; custom_margin=&#8221;12px||12px||true|&#8221; custom_padding=&#8221;12px||12px||true|false&#8221; collapsed=&#8221;off&#8221; global_colors_info=&#8221;{}&#8221;][et_pb_row module_class=&#8221;tbvs-inline-button-center&#8221; _builder_version=&#8221;4.20.4&#8243; _module_preset=&#8221;default&#8221; max_width=&#8221;700px&#8221; custom_padding=&#8221;||2px|||&#8221; global_colors_info=&#8221;{}&#8221;][et_pb_column type=&#8221;4_4&#8243; _builder_version=&#8221;4.16&#8243; _module_preset=&#8221;default&#8221; global_colors_info=&#8221;{}&#8221;][et_pb_text _builder_version=&#8221;4.23.1&#8243; _module_preset=&#8221;d42ddb61-4978-433c-93a3-27cdba76bfaf&#8221; global_colors_info=&#8221;{}&#8221;]<\/p>\n<h3>Do not miss<\/h3>\n<p>[\/et_pb_text][et_pb_text disabled_on=&#8221;off|off|off&#8221; _builder_version=&#8221;4.23.1&#8243; _module_preset=&#8221;default&#8221; header_2_font=&#8221;Montserrat|800|||||||&#8221; header_2_font_size=&#8221;38px&#8221; text_orientation=&#8221;center&#8221; background_layout=&#8221;dark&#8221; global_colors_info=&#8221;{}&#8221;]<\/p>\n<p>In our spa, you can experience world-class treatments, as well as treatments that we at Eden&#8217;s Garden have developed just for you. Immerse yourself in the world of a genuine Turkish bath or soak in a warm herbal bath and let your tired body relax. We look forward to seeing you.<\/p>\n<p>[\/et_pb_text][\/et_pb_column][\/et_pb_row][\/et_pb_section][et_pb_section fb_built=&#8221;1&#8243; disabled_on=&#8221;off|off|off&#8221; admin_label=&#8221;Druhy mas\u00e1\u017e\u00ed&#8221; module_class=&#8221;tbvs-section-dark&#8221; _builder_version=&#8221;4.19.2&#8243; _module_preset=&#8221;default&#8221; background_color=&#8221;#111111&#8243; custom_padding=&#8221;30px||30px||true|false&#8221; saved_tabs=&#8221;all&#8221; collapsed=&#8221;off&#8221; global_colors_info=&#8221;{}&#8221;][et_pb_row column_structure=&#8221;1_2,1_2&#8243; use_custom_gutter=&#8221;on&#8221; gutter_width=&#8221;2&#8243; _builder_version=&#8221;4.20.4&#8243; _module_preset=&#8221;default&#8221; global_colors_info=&#8221;{}&#8221;][et_pb_column type=&#8221;1_2&#8243; _builder_version=&#8221;4.20.4&#8243; _module_preset=&#8221;default&#8221; global_colors_info=&#8221;{}&#8221;][dsm_card title=&#8221;Hammam ritual&#8221; subtitle=&#8221;60 min | price 109 EUR&#8221; image=&#8221;https:\/\/grandior.edensgarden.cz\/wp-content\/uploads\/2023\/11\/Edens-Garden-massage-and-SPA-Grandior-hammam-ritual-1024&#215;683.jpg&#8221; badge_position=&#8221;top_left&#8221; badge_background_color=&#8221;#262626&#8243; button_text=&#8221;Reservation&#8221; button_url=&#8221;https:\/\/grandior.edensgarden.cz\/en\/services\/spa-treatments\/hammam-ritual-reservations\/&#8221; button_url_new_window=&#8221;1&#8243; _builder_version=&#8221;4.23.1&#8243; _module_preset=&#8221;default&#8221; badge_font=&#8221;|600||on|||||&#8221; badge_text_color=&#8221;#FFFFFF&#8221; badge_letter_spacing=&#8221;1px&#8221; header_font=&#8221;|600|||||||&#8221; header_text_color=&#8221;#FFFFFF&#8221; header_font_size=&#8221;24px&#8221; subhead_font=&#8221;|600|||||||&#8221; subhead_text_color=&#8221;#FFFFFF&#8221; subhead_font_size=&#8221;17px&#8221; subhead_line_height=&#8221;2em&#8221; body_link_text_color=&#8221;#87CA04&#8243; background_color=&#8221;#262626&#8243; custom_button=&#8221;on&#8221; button_text_size=&#8221;12px&#8221; button_text_color=&#8221;#000000&#8243; button_border_width=&#8221;0px&#8221; border_radii=&#8221;on|12px|12px|12px|12px&#8221; global_colors_info=&#8221;{}&#8221; transform_styles__hover_enabled=&#8221;off|desktop&#8221; transform_scale__hover_enabled=&#8221;off|desktop&#8221; transform_translate__hover_enabled=&#8221;off|desktop&#8221; transform_rotate__hover_enabled=&#8221;off|desktop&#8221; transform_skew__hover_enabled=&#8221;off|desktop&#8221; transform_origin__hover_enabled=&#8221;off|desktop&#8221; transform_scale__hover=&#8221;102%|102%&#8221; button_text_color__hover_enabled=&#8221;off|desktop&#8221; button_text_color__hover=&#8221;#000000&#8243; button_bg_color__hover_enabled=&#8221;on|desktop&#8221; button_bg_color__hover=&#8221;#C4FA59&#8243; button_bg_enable_color__hover=&#8221;on&#8221; badge_text_color__hover_enabled=&#8221;off|desktop&#8221; badge_text_color__hover=&#8221;#000000&#8243; badge_background_color__hover_enabled=&#8221;off|desktop&#8221; badge_background_color__hover=&#8221;#87CA04&#8243; header_text_color__hover_enabled=&#8221;off|desktop&#8221; header_text_color__hover=&#8221;#87CA04&#8243; body_link_text_color__hover_enabled=&#8221;on|hover&#8221; body_link_text_color__hover=&#8221;#C4FA59&#8243;]<\/p>\n<p>Hammam \u2013 a Turkish bath (Arabic: hamam or hammam) is a public steam bath in Arab countries, intended mainly for general ritual bathing (ghusl). The hammam ritual is performed on a hot stone imported directly from Turkey for this purpose. It is first necessary to warm the body thoroughly in order to open the pores. In our rendition, it is a traditional Turkish bath, where the old skin is removed from the client using a special foam and scrub. It is a cleansing procedure where the body is rid of toxins and tension.<\/p>\n<p>[\/dsm_card][\/et_pb_column][et_pb_column type=&#8221;1_2&#8243; _builder_version=&#8221;4.20.4&#8243; _module_preset=&#8221;default&#8221; global_colors_info=&#8221;{}&#8221;][dsm_card title=&#8221;Filipino massage&#8221; subtitle=&#8221;60\u201390 min | cena od 2399 K\u010d&#8221; image=&#8221;https:\/\/grandior.edensgarden.cz\/wp-content\/uploads\/2023\/04\/Filipinska-masaz-1-1024&#215;682.jpg&#8221; badge_text=&#8221;We recommend&#8221; badge_position=&#8221;top_left&#8221; badge_background_color=&#8221;#262626&#8243; alt=&#8221;Eden&#8217;s Garden Filipino massage&#8221; button_text=&#8221;Reservation&#8221; button_url=&#8221;#reservation&#8221; button_url_new_window=&#8221;1&#8243; disabled_on=&#8221;on|on|on&#8221; _builder_version=&#8221;4.23&#8243; _module_preset=&#8221;default&#8221; badge_font=&#8221;|600||on|||||&#8221; badge_text_color=&#8221;#FFFFFF&#8221; badge_letter_spacing=&#8221;1px&#8221; header_font=&#8221;|600|||||||&#8221; header_text_color=&#8221;#FFFFFF&#8221; header_font_size=&#8221;24px&#8221; subhead_font=&#8221;|600|||||||&#8221; subhead_text_color=&#8221;#FFFFFF&#8221; subhead_font_size=&#8221;17px&#8221; subhead_line_height=&#8221;2em&#8221; background_color=&#8221;#262626&#8243; custom_button=&#8221;on&#8221; button_text_size=&#8221;12px&#8221; button_text_color=&#8221;#FFFFFF&#8221; button_border_width=&#8221;0px&#8221; border_radii=&#8221;on|12px|12px|12px|12px&#8221; disabled=&#8221;on&#8221; global_colors_info=&#8221;{}&#8221; transform_styles__hover_enabled=&#8221;off|desktop&#8221; transform_scale__hover_enabled=&#8221;off|desktop&#8221; transform_translate__hover_enabled=&#8221;off|desktop&#8221; transform_rotate__hover_enabled=&#8221;off|desktop&#8221; transform_skew__hover_enabled=&#8221;off|desktop&#8221; transform_origin__hover_enabled=&#8221;off|desktop&#8221; transform_scale__hover=&#8221;102%|102%&#8221; button_text_color__hover_enabled=&#8221;on|hover&#8221; button_text_color__hover=&#8221;#000000&#8243; button_bg_color__hover_enabled=&#8221;on|desktop&#8221; button_bg_color__hover=&#8221;#C4FA59&#8243; button_bg_enable_color__hover=&#8221;on&#8221; badge_text_color__hover_enabled=&#8221;off|desktop&#8221; badge_text_color__hover=&#8221;#000000&#8243; badge_background_color__hover_enabled=&#8221;off|desktop&#8221; badge_background_color__hover=&#8221;#87CA04&#8243; header_text_color__hover_enabled=&#8221;off|desktop&#8221; header_text_color__hover=&#8221;#87CA04&#8243; body_text_color__hover_enabled=&#8221;on|hover&#8221; body_link_text_color__hover_enabled=&#8221;on|desktop&#8221; body_link_text_color__hover=&#8221;#C4FA59&#8243;]<\/p>\n<p><span data-sheets-value=\"{\"1\":2,\"2\":\"Filip\u00ednsk\u00e1 mas\u00e1\u017e je na\u0161\u00edm charakteristick\u00fdm znakem, na kter\u00e9m si zakl\u00e1d\u00e1me. Uvol\u0148uje svaly, sni\u017euje nap\u011bt\u00ed, obnovuje harmonii t\u011bla. Nav\u0161tivte Eden's Garden a dop\u0159ejte si nezapomenutelnou terapii Hilot!\"}\" data-sheets-userformat=\"{\"2\":513,\"3\":{\"1\":0},\"12\":0}\">Filipino massage is our hallmark, upon which we base ourselves. It relaxes the muscles&#8230;<\/span><\/p>\n<p>[\/dsm_card][\/et_pb_column][\/et_pb_row][\/et_pb_section][et_pb_section fb_built=&#8221;1&#8243; disabled_on=&#8221;off|off|off&#8221; admin_label=&#8221;Druhy mas\u00e1\u017e\u00ed&#8221; module_id=&#8221;reservation&#8221; module_class=&#8221;tbvs-section-dark&#8221; _builder_version=&#8221;4.23&#8243; _module_preset=&#8221;default&#8221; background_color=&#8221;#111111&#8243; custom_padding=&#8221;32px||32px||true|false&#8221; saved_tabs=&#8221;all&#8221; collapsed=&#8221;off&#8221; global_colors_info=&#8221;{}&#8221;][et_pb_row _builder_version=&#8221;4.23&#8243; _module_preset=&#8221;default&#8221; max_width=&#8221;750px&#8221; custom_padding=&#8221;||3px||false|false&#8221; global_colors_info=&#8221;{}&#8221;][et_pb_column type=&#8221;4_4&#8243; _builder_version=&#8221;4.16&#8243; _module_preset=&#8221;default&#8221; global_colors_info=&#8221;{}&#8221;][et_pb_text disabled_on=&#8221;on|on|on&#8221; _builder_version=&#8221;4.23&#8243; _module_preset=&#8221;d42ddb61-4978-433c-93a3-27cdba76bfaf&#8221; header_3_font_size_tablet=&#8221;18px&#8221; header_3_font_size_phone=&#8221;16px&#8221; header_3_font_size_last_edited=&#8221;on|phone&#8221; disabled=&#8221;on&#8221; global_colors_info=&#8221;{}&#8221;]<\/p>\n<h3>Already 3 times in Prague<\/h3>\n<p>[\/et_pb_text][et_pb_text disabled_on=&#8221;off|off|off&#8221; _builder_version=&#8221;4.23&#8243; _module_preset=&#8221;default&#8221; header_2_font=&#8221;Titillium Web|700|||||||&#8221; header_2_font_size=&#8221;49px&#8221; header_2_line_height=&#8221;1.1em&#8221; text_orientation=&#8221;center&#8221; background_layout=&#8221;dark&#8221; hover_transition_duration=&#8221;0ms&#8221; header_2_font_size_tablet=&#8221;30px&#8221; header_2_font_size_phone=&#8221;23px&#8221; header_2_font_size_last_edited=&#8221;on|phone&#8221; global_colors_info=&#8221;{}&#8221;]<\/p>\n<h2>Reservation<\/h2>\n<p>[\/et_pb_text][\/et_pb_column][\/et_pb_row][et_pb_row column_structure=&#8221;1_4,1_4,1_4,1_4&#8243; use_custom_gutter=&#8221;on&#8221; gutter_width=&#8221;2&#8243; admin_label=&#8221;Row 4 benefits&#8221; module_class=&#8221;tbvs-blurb&#8221; _builder_version=&#8221;4.23&#8243; _module_preset=&#8221;default&#8221; custom_margin=&#8221;14px||3px||false|false&#8221; custom_padding=&#8221;3px|14px|3px|14px|true|true&#8221; hover_transition_duration=&#8221;0ms&#8221; border_radii=&#8221;on|12px|12px|12px|12px&#8221; global_colors_info=&#8221;{}&#8221; transform_styles__hover_enabled=&#8221;off|desktop&#8221; transform_scale__hover=&#8221;102%|102%&#8221; transform_scale__hover_enabled=&#8221;off|desktop&#8221; transform_translate__hover_enabled=&#8221;off|desktop&#8221; transform_rotate__hover_enabled=&#8221;off|desktop&#8221; transform_skew__hover_enabled=&#8221;off|desktop&#8221; transform_origin__hover_enabled=&#8221;off|desktop&#8221; background_color__hover=&#8221;#262626&#8243; background__hover_enabled=&#8221;off|desktop&#8221; background_enable_color__hover=&#8221;on&#8221;][et_pb_column type=&#8221;1_4&#8243; _builder_version=&#8221;4.20.2&#8243; _module_preset=&#8221;default&#8221; global_colors_info=&#8221;{}&#8221;][et_pb_blurb title=&#8221;Book Now&#8221; url=&#8221;https:\/\/grandior.edensgarden.cz\/en\/services\/reservation\/&#8221; use_icon=&#8221;on&#8221; font_icon=&#8221;&#xe0e3;||divi||400&#8243; image_icon_background_color=&#8221;RGBA(255,255,255,0)&#8221; image_icon_width=&#8221;60px&#8221; module_class=&#8221;tbvs-blurb&#8221; _builder_version=&#8221;4.23.1&#8243; _module_preset=&#8221;default&#8221; header_level=&#8221;h2&#8243; header_font=&#8221;Titillium Web|600|||||||&#8221; header_text_color=&#8221;#87CA04&#8243; header_font_size=&#8221;26px&#8221; body_font=&#8221;Titillium Web||||||||&#8221; body_font_size=&#8221;18px&#8221; text_orientation=&#8221;center&#8221; background_layout=&#8221;dark&#8221; custom_margin=&#8221;14px||3px||false|false&#8221; custom_padding=&#8221;16px|14px|16px|14px|true|true&#8221; hover_transition_duration=&#8221;0ms&#8221; link_option_url=&#8221;https:\/\/grandior.edensgarden.cz\/en\/services\/reservation\/&#8221; border_radii=&#8221;on|12px|12px|12px|12px&#8221; icon_font_size=&#8221;30px&#8221; use_circle=&#8221;on&#8221; circle_color=&#8221;#0000FF&#8221; global_colors_info=&#8221;{}&#8221; image_icon_background_color__sticky_enabled=&#8221;#87ca04&#8243; image_icon_background_color__sticky=&#8221;#87ca04&#8243; transform_styles__hover_enabled=&#8221;on|hover&#8221; transform_scale__hover_enabled=&#8221;on|hover&#8221; transform_translate__hover_enabled=&#8221;on|hover&#8221; transform_rotate__hover_enabled=&#8221;on|hover&#8221; transform_skew__hover_enabled=&#8221;on|hover&#8221; transform_origin__hover_enabled=&#8221;on|hover&#8221; background__hover_enabled=&#8221;on|hover&#8221; background_color__hover=&#8221;#262626&#8243; background_enable_color__hover=&#8221;on&#8221; transform_scale__hover=&#8221;102%|102%&#8221; header_text_color__hover_enabled=&#8221;on|hover&#8221; header_text_color__hover=&#8221;#C4FA59&#8243; icon_color__hover_enabled=&#8221;on|hover&#8221; icon_color__hover=&#8221;#C4FA59&#8243; theme_builder_area=&#8221;post_content&#8221;]<\/p>\n<p>Book conveniently from your mobile, tablet or computer.<\/p>\n<p>[\/et_pb_blurb][\/et_pb_column][et_pb_column type=&#8221;1_4&#8243; _builder_version=&#8221;4.20.2&#8243; _module_preset=&#8221;default&#8221; global_colors_info=&#8221;{}&#8221;][et_pb_blurb title=&#8221;Grandior Spa Reception&#8221; use_icon=&#8221;on&#8221; font_icon=&#8221;&#xf1ad;||fa||900&#8243; image_icon_background_color=&#8221;RGBA(255,255,255,0)&#8221; image_icon_width=&#8221;60px&#8221; module_class=&#8221;tbvs-blurb&#8221; _builder_version=&#8221;4.23.1&#8243; _module_preset=&#8221;default&#8221; header_level=&#8221;h2&#8243; header_font=&#8221;Titillium Web|600|||||||&#8221; header_font_size=&#8221;26px&#8221; body_font=&#8221;Titillium Web||||||||&#8221; body_font_size=&#8221;18px&#8221; text_orientation=&#8221;center&#8221; background_layout=&#8221;dark&#8221; custom_margin=&#8221;14px||3px||false|false&#8221; custom_padding=&#8221;16px|14px|16px|14px|true|true&#8221; hover_transition_duration=&#8221;0ms&#8221; border_radii=&#8221;on|12px|12px|12px|12px&#8221; icon_font_size=&#8221;30px&#8221; use_circle=&#8221;on&#8221; circle_color=&#8221;#0000FF&#8221; global_colors_info=&#8221;{}&#8221; image_icon_background_color__sticky_enabled=&#8221;#87ca04&#8243; image_icon_background_color__sticky=&#8221;#87ca04&#8243; transform_styles__hover_enabled=&#8221;on|hover&#8221; transform_scale__hover_enabled=&#8221;on|hover&#8221; transform_translate__hover_enabled=&#8221;on|hover&#8221; transform_rotate__hover_enabled=&#8221;on|hover&#8221; transform_skew__hover_enabled=&#8221;on|hover&#8221; transform_origin__hover_enabled=&#8221;on|hover&#8221; background__hover_enabled=&#8221;on|hover&#8221; background_color__hover=&#8221;#262626&#8243; background_enable_color__hover=&#8221;on&#8221; transform_scale__hover=&#8221;102%|102%&#8221; header_text_color=&#8221;#87CA04&#8243; icon_color__hover=&#8221;#C4FA59&#8243; icon_color__hover_enabled=&#8221;on|hover&#8221; header_text_color__hover=&#8221;#C4FA59&#8243; header_text_color__hover_enabled=&#8221;on|hover&#8221;]<\/p>\n<p>Come and meet us at the reception in the hotel lobby.<\/p>\n<p>[\/et_pb_blurb][\/et_pb_column][et_pb_column type=&#8221;1_4&#8243; _builder_version=&#8221;4.20.2&#8243; _module_preset=&#8221;default&#8221; global_colors_info=&#8221;{}&#8221;][et_pb_blurb title=&#8221;+420 734 739 973&#8243; url=&#8221;tel:+420734739973&#8243; use_icon=&#8221;on&#8221; font_icon=&#8221;&#xf3cd;||fa||900&#8243; image_icon_background_color=&#8221;RGBA(255,255,255,0)&#8221; image_icon_width=&#8221;60px&#8221; module_class=&#8221;tbvs-blurb&#8221; _builder_version=&#8221;4.23&#8243; _module_preset=&#8221;default&#8221; header_level=&#8221;h2&#8243; header_font=&#8221;Titillium Web|600|||||||&#8221; header_font_size=&#8221;26px&#8221; body_font=&#8221;Titillium Web||||||||&#8221; body_font_size=&#8221;18px&#8221; text_orientation=&#8221;center&#8221; background_layout=&#8221;dark&#8221; custom_margin=&#8221;14px||3px||false|false&#8221; custom_padding=&#8221;16px|14px|16px|14px|true|true&#8221; hover_transition_duration=&#8221;0ms&#8221; link_option_url=&#8221;Tel:+420734739973&#8243; border_radii=&#8221;on|12px|12px|12px|12px&#8221; icon_font_size=&#8221;30px&#8221; use_circle=&#8221;on&#8221; circle_color=&#8221;#0000FF&#8221; global_colors_info=&#8221;{}&#8221; image_icon_background_color__sticky_enabled=&#8221;#87ca04&#8243; image_icon_background_color__sticky=&#8221;#87ca04&#8243; transform_styles__hover_enabled=&#8221;on|hover&#8221; background_color__hover=&#8221;#262626&#8243; background_enable_color__hover=&#8221;on&#8221; transform_scale__hover=&#8221;102%|102%&#8221; transform_scale__hover_enabled=&#8221;on|hover&#8221; transform_translate__hover_enabled=&#8221;on|hover&#8221; transform_rotate__hover_enabled=&#8221;on|hover&#8221; transform_skew__hover_enabled=&#8221;on|hover&#8221; transform_origin__hover_enabled=&#8221;on|hover&#8221; background__hover_enabled=&#8221;on|hover&#8221; header_text_color=&#8221;#87CA04&#8243; icon_color__hover=&#8221;#C4FA59&#8243; icon_color__hover_enabled=&#8221;on|hover&#8221; header_text_color__hover=&#8221;#C4FA59&#8243; header_text_color__hover_enabled=&#8221;on|hover&#8221;]<\/p>\n<p>Wherever you are, give us a call.<\/p>\n<p>[\/et_pb_blurb][\/et_pb_column][et_pb_column type=&#8221;1_4&#8243; _builder_version=&#8221;4.20.2&#8243; _module_preset=&#8221;default&#8221; global_colors_info=&#8221;{}&#8221;][et_pb_blurb title=&#8221;5295&#8243; use_icon=&#8221;on&#8221; font_icon=&#8221;&#xf2a0;||fa||900&#8243; image_icon_background_color=&#8221;RGBA(255,255,255,0)&#8221; image_icon_width=&#8221;60px&#8221; module_class=&#8221;tbvs-blurb&#8221; _builder_version=&#8221;4.23.1&#8243; _module_preset=&#8221;default&#8221; header_level=&#8221;h2&#8243; header_font=&#8221;Titillium Web|600|||||||&#8221; header_font_size=&#8221;26px&#8221; body_font=&#8221;Titillium Web||||||||&#8221; body_font_size=&#8221;18px&#8221; text_orientation=&#8221;center&#8221; background_layout=&#8221;dark&#8221; custom_margin=&#8221;14px||3px||false|false&#8221; custom_padding=&#8221;16px|14px|16px|14px|true|true&#8221; hover_transition_duration=&#8221;0ms&#8221; hover_enabled=&#8221;0&#8243; border_radii=&#8221;on|12px|12px|12px|12px&#8221; icon_font_size=&#8221;30px&#8221; use_circle=&#8221;on&#8221; circle_color=&#8221;#0000FF&#8221; global_colors_info=&#8221;{}&#8221; image_icon_background_color__sticky_enabled=&#8221;#87ca04&#8243; image_icon_background_color__sticky=&#8221;#87ca04&#8243; transform_styles__hover_enabled=&#8221;on|hover&#8221; background_color__hover=&#8221;#262626&#8243; background_enable_color__hover=&#8221;on&#8221; transform_scale__hover=&#8221;102%|102%&#8221; transform_scale__hover_enabled=&#8221;on|hover&#8221; transform_translate__hover_enabled=&#8221;on|hover&#8221; transform_rotate__hover_enabled=&#8221;on|hover&#8221; transform_skew__hover_enabled=&#8221;on|hover&#8221; transform_origin__hover_enabled=&#8221;on|hover&#8221; background__hover_enabled=&#8221;on|hover&#8221; header_text_color=&#8221;#87CA04&#8243; icon_color__hover=&#8221;#C4FA59&#8243; icon_color__hover_enabled=&#8221;on|hover&#8221; header_text_color__hover=&#8221;#C4FA59&#8243; header_text_color__hover_enabled=&#8221;on|hover&#8221; sticky_enabled=&#8221;0&#8243;]<\/p>\n<p>Call us directly from your hotel room.<\/p>\n<p>[\/et_pb_blurb][\/et_pb_column][\/et_pb_row][et_pb_row module_class=&#8221;tbvs-inline-button-center&#8221; _builder_version=&#8221;4.20.4&#8243; _module_preset=&#8221;default&#8221; max_width=&#8221;750px&#8221; custom_padding=&#8221;||3px||false|false&#8221; global_colors_info=&#8221;{}&#8221;][et_pb_column type=&#8221;4_4&#8243; _builder_version=&#8221;4.16&#8243; _module_preset=&#8221;default&#8221; global_colors_info=&#8221;{}&#8221;][et_pb_divider show_divider=&#8221;off&#8221; _builder_version=&#8221;4.23&#8243; _module_preset=&#8221;default&#8221; height=&#8221;30px&#8221; global_colors_info=&#8221;{}&#8221;][\/et_pb_divider][\/et_pb_column][\/et_pb_row][\/et_pb_section]<\/p>\n","protected":false},"excerpt":{"rendered":"<p>Eden&#8217;s Garden is more than just relaxationDo not missIn our spa, you can experience world-class treatments, as well as treatments that we at Eden&#8217;s Garden have developed just for you. Immerse yourself in the world of a genuine Turkish bath or soak in a warm herbal bath and let your tired body relax. We look forward to seeing you.<div class=\"et_pb_module dsm_card dsm_card_0 et_pb_bg_layout_light  dsm_card_layout_stacked\">\n\t\t\t\t\n\t\t\t\t\n\t\t\t\t\n\t\t\t\t\n\t\t\t\t\n\t\t\t\t\n\t\t\t\t<div class=\"et_pb_module_inner\">\n\t\t\t\t\t\n\t\t\t\n\t\t\t<figure class=\"dsm_card_image_wrapper dsm_card_badge_top_left\"><div class=\"dsm_card_image_background dsm_card_img\"><\/div><\/figure>\n\t\t\t<div class=\"et_pb_module dsm_card_wrapper et_pb_text_align_left\">\n\t\t\t\t\t\n\t\t\t\t\t<h4 class=\"dsm_card_title et_pb_module_header\">Hammam ritual<\/h4>\n\t\t\t\t\t<div class=\"dsm_card_subtitle\">60 min | price 109 EUR<\/div>\n\t\t\t\t\t\n\t\t\t\t\t<div class=\"et_pb_button_wrapper\"><a class=\"et_pb_button et_pb_more_button \" href=\"https:\/\/grandior.edensgarden.cz\/en\/services\/spa-treatments\/hammam-ritual-reservations\/\">Reservation<\/a><\/div>\n\t\t\t\t<\/div>\n\t\t\t\n\t\t\t\t<\/div>\n\t\t\t<\/div>Hammam \u2013 a Turkish bath (Arabic: hamam or hammam) is a public steam bath in Arab countries, intended mainly for general ritual bathing (ghusl). The hammam ritual is performed on a hot stone imported directly from Turkey for this purpose. It is first necessary to warm the body thoroughly in order to open the pores. In our rendition, it is a traditional Turkish bath, where the old skin is removed from the client using a special foam and scrub. It is a cleansing procedure where the body is [&hellip;]<\/p>\n","protected":false},"author":2,"featured_media":0,"parent":8270,"menu_order":4,"comment_status":"closed","ping_status":"closed","template":"","meta":{"_et_pb_use_builder":"on","_et_pb_old_content":"","_et_gb_content_width":"","footnotes":""},"class_list":["post-11239","page","type-page","status-publish","hentry"],"_links":{"self":[{"href":"https:\/\/grandior.edensgarden.cz\/en\/wp-json\/wp\/v2\/pages\/11239","targetHints":{"allow":["GET"]}}],"collection":[{"href":"https:\/\/grandior.edensgarden.cz\/en\/wp-json\/wp\/v2\/pages"}],"about":[{"href":"https:\/\/grandior.edensgarden.cz\/en\/wp-json\/wp\/v2\/types\/page"}],"author":[{"embeddable":true,"href":"https:\/\/grandior.edensgarden.cz\/en\/wp-json\/wp\/v2\/users\/2"}],"replies":[{"embeddable":true,"href":"https:\/\/grandior.edensgarden.cz\/en\/wp-json\/wp\/v2\/comments?post=11239"}],"version-history":[{"count":0,"href":"https:\/\/grandior.edensgarden.cz\/en\/wp-json\/wp\/v2\/pages\/11239\/revisions"}],"up":[{"embeddable":true,"href":"https:\/\/grandior.edensgarden.cz\/en\/wp-json\/wp\/v2\/pages\/8270"}],"wp:attachment":[{"href":"https:\/\/grandior.edensgarden.cz\/en\/wp-json\/wp\/v2\/media?parent=11239"}],"curies":[{"name":"wp","href":"https:\/\/api.w.org\/{rel}","templated":true}]}}