{"id":12816,"date":"2025-11-07T12:19:09","date_gmt":"2025-11-07T11:19:09","guid":{"rendered":"https:\/\/grandior.edensgarden.cz\/cookie-policy\/"},"modified":"2025-11-07T12:19:11","modified_gmt":"2025-11-07T11:19:11","slug":"cookie-policy","status":"publish","type":"page","link":"https:\/\/grandior.edensgarden.cz\/en\/cookie-policy\/","title":{"rendered":"Cookie Policy"},"content":{"rendered":"<p>[et_pb_section fb_built=&#8221;1&#8243; admin_label=&#8221;Header 1&#8243; _builder_version=&#8221;4.23&#8243; _module_preset=&#8221;5301bef4-0c22-4564-bb60-d4a55671949c&#8221; background_image=&#8221;https:\/\/grandior.edensgarden.cz\/wp-content\/uploads\/2023\/11\/Edens-Garden-massage-and-SPA-Grandior-couple-room.jpg&#8221; background_position=&#8221;center&#8221; collapsed=&#8221;on&#8221; global_colors_info=&#8221;{}&#8221;][et_pb_row use_custom_gutter=&#8221;on&#8221; gutter_width=&#8221;1&#8243; _builder_version=&#8221;4.21.0&#8243; _module_preset=&#8221;default&#8221; max_width=&#8221;900px&#8221; custom_margin=&#8221;0px||0px||true|false&#8221; custom_margin_tablet=&#8221;0px||0px||true|false&#8221; custom_margin_phone=&#8221;0px||0px||true|false&#8221; custom_margin_last_edited=&#8221;on|desktop&#8221; custom_padding=&#8221;0px||||false|false&#8221; global_colors_info=&#8221;{}&#8221;][et_pb_column type=&#8221;4_4&#8243; _builder_version=&#8221;4.16&#8243; _module_preset=&#8221;default&#8221; global_colors_info=&#8221;{}&#8221;][et_pb_image src=&#8221;\/img\/edensgarden-grandior-logo-white.svg&#8221; alt=&#8221;Eden&#039;s Garden logo&#8221; title_text=&#8221;Eden&#039;s Garden&#8221; url=&#8221;\/&#8221; show_bottom_space=&#8221;off&#8221; align=&#8221;center&#8221; _builder_version=&#8221;4.23&#8243; _module_preset=&#8221;default&#8221; max_width=&#8221;180px&#8221; max_width_tablet=&#8221;160px&#8221; max_width_phone=&#8221;140px&#8221; max_width_last_edited=&#8221;on|phone&#8221; custom_margin=&#8221;||10px||false|false&#8221; custom_margin_tablet=&#8221;20px||||false|false&#8221; custom_margin_phone=&#8221;30px||||false|false&#8221; custom_margin_last_edited=&#8221;on|tablet&#8221; custom_padding=&#8221;|||12px|false|false&#8221; custom_padding_tablet=&#8221;|||10px|false|false&#8221; custom_padding_phone=&#8221;|||2px|false|false&#8221; custom_padding_last_edited=&#8221;on|desktop&#8221; scroll_vertical_motion_enable=&#8221;on&#8221; scroll_vertical_motion=&#8221;0|96|96|100|0|0|-1&#8243; motion_trigger_start=&#8221;top&#8221; global_module=&#8221;6465&#8243; saved_tabs=&#8221;all&#8221; global_colors_info=&#8221;{}&#8221;][\/et_pb_image][et_pb_text _builder_version=&#8221;4.27.4&#8243; _dynamic_attributes=&#8221;content&#8221; _module_preset=&#8221;f6ab2547-11ce-4f17-9af3-4a384be893be&#8221; global_colors_info=&#8221;{}&#8221;]@ET-DC@eyJkeW5hbWljIjp0cnVlLCJjb250ZW50IjoicG9zdF90aXRsZSIsInNldHRpbmdzIjp7ImJlZm9yZSI6IjxoMT4iLCJhZnRlciI6IjwvaDE+IiwiZW5hYmxlX2h0bWwiOiJvZmYifX0=@[\/et_pb_text][\/et_pb_column][\/et_pb_row][\/et_pb_section][et_pb_section fb_built=&#8221;1&#8243; admin_label=&#8221;Perex&#8221; module_class=&#8221;tbvs-section-dark&#8221; _builder_version=&#8221;4.20.4&#8243; _module_preset=&#8221;default&#8221; background_color=&#8221;#111111&#8243; custom_margin=&#8221;12px||12px||true|&#8221; custom_padding=&#8221;12px||12px||true|false&#8221; collapsed=&#8221;off&#8221; global_colors_info=&#8221;{}&#8221;][et_pb_row module_class=&#8221;tbvs-inline-button-center&#8221; _builder_version=&#8221;4.20.4&#8243; _module_preset=&#8221;default&#8221; max_width=&#8221;700px&#8221; custom_padding=&#8221;||2px|||&#8221; global_colors_info=&#8221;{}&#8221;][et_pb_column type=&#8221;4_4&#8243; _builder_version=&#8221;4.16&#8243; _module_preset=&#8221;default&#8221; global_colors_info=&#8221;{}&#8221;][et_pb_text disabled_on=&#8221;on|on|on&#8221; _builder_version=&#8221;4.20.4&#8243; _module_preset=&#8221;d42ddb61-4978-433c-93a3-27cdba76bfaf&#8221; disabled=&#8221;on&#8221; global_colors_info=&#8221;{}&#8221;]<\/p>\n<h3>We bring you the best massages<\/h3>\n<p>[\/et_pb_text][et_pb_text disabled_on=&#8221;off|off|off&#8221; _builder_version=&#8221;4.27.4&#8243; _module_preset=&#8221;default&#8221; header_2_font=&#8221;&#8211;et_global_heading_font||||||||&#8221; header_2_font_size=&#8221;28px&#8221; background_layout=&#8221;dark&#8221; header_2_font_size_tablet=&#8221;28px&#8221; header_2_font_size_phone=&#8221;22px&#8221; header_2_font_size_last_edited=&#8221;on|phone&#8221; global_colors_info=&#8221;{}&#8221;]<\/p>\n<h3>1. Introduction<\/h3>\n<p>Our website https:\/\/grandior.edensgarden.cz\/ (hereinafter referred to as the &#8220;website&#8221;) uses cookies and other related technologies (for convenience, all technologies are referred to as &#8220;cookies&#8221;). Cookies are also inserted by third parties that we have engaged. In the document below we inform you about the use of cookies on our website.<\/p>\n<h3>2. What are cookies?<\/h3>\n<p>A cookie is a small, simple file that is sent along with the pages of this website and stored by the browser on the hard drive of your computer or other device. The information stored therein may be returned to our servers or to the servers of the relevant third parties during a subsequent visit.<\/p>\n<h3>3. What are scripts?<\/h3>\n<p>A script is a piece of programming code that is used to make our website work properly and interactively. This code is run on our server or on your device.<\/p>\n<h3>4. What is a web beacon?<\/h3>\n<p>A web beacon (or pixel tag) is a small, invisible piece of text or image on a website that is used to track web traffic. In order to do this, various data about you is stored using web beacons.<\/p>\n<h3>5. Cookies<\/h3>\n<p>5.1 Technical or functional cookies<\/p>\n<p>Some cookies ensure that certain parts of the website work properly and that your user preferences remain known. By placing functional cookies, we make it easier for you to visit our website. T\u00edmto zp\u016fsobem nemus\u00edte p\u0159i n\u00e1v\u0161t\u011bv\u011b na\u0161ich weboThis way, you do not need to repeatedly enter the same information when visiting our website and, for example, the items remain in your shopping cart until you have paid. We may place these cookies without your consent.<\/p>\n<p>5.2 Statistics cookies<\/p>\n<p>We use statistics cookies to optimize the website experience for our users. With these statistics cookies we get insights in the usage of our website. We ask your permission to place statistics cookies.<\/p>\n<p>5.3 Marketing\/Tracking cookies<\/p>\n<p>Marketing\/Tracking cookies are cookies or any other form of local storage, used to create user profiles to display advertising or to track the user on this website or across several websites for similar marketing purposes.<\/p>\n<p>5.4 Social networks<\/p>\n<p>We have included content from Facebook, X (formerly Twitter), LinkedIn and Pinterest on our website, which is used to promote the website (e.g. &#8220;like&#8221;, &#8220;pin&#8221;) or share (e.g. &#8220;tweet&#8221;) on social networks such as Facebook, X (Twitter), LinkedIn and Pinterest. This content is embedded using code originating from Facebook, X (Twitter), LinkedIn and Pinterest and places cookies. This content may store and process certain information for personalised advertising.<\/p>\n<p>Please read the privacy statements of these social networks (which may change from time to time) and read what they do with your (personal) data that they process using these cookies. The data collected is anonymised as far as possible. Facebook, X (Twitter), LinkedIn and Pinterest are located in the United States.<\/p>\n<h3>6. Placed cookies<\/h3>\n<p>For details of the cookies placed, click on the paperclip icon in the bottom left: the Change Consent button &gt; Details.<\/p>\n<h3>7. Consent<\/h3>\n<p>When you first visit our website, we will show you a pop-up explaining about cookies. By clicking &#8220;I Agree&#8221; or &#8220;Allow Selection&#8221;, you consent to the use of the categories of cookies and add-ons described in the pop-up window and in this Cookie Policy. You can disable the use of cookies using your browser, but please note that our website may no longer function properly. You can change your consent settings by clicking on the paperclip icon in the bottom left.<\/p>\n<h3>8. Enabling\/disabling and removing cookies<\/h3>\n<p>You can delete cookies automatically or manually using your internet browser. You can also specify that some cookies may not be placed. Another option is to change your browser settings so that you get a message every time a cookie is saved. For more information about these options, please see your browser Help.<\/p>\n<p>Please note that our website may not function properly if all cookies are deactivated. If you delete cookies in your browser, they will be placed again after your consent when you visit our website again.<\/p>\n<h3>9. Your rights with respect to personal data<\/h3>\n<p>You have the following rights regarding your personal data:<\/p>\n<ul>\n<li>You have the right to know why your personal data is needed, what happens to it and how long it will be kept.<\/li>\n<li>Right of access: you have the right to access your personal data known to us.<\/li>\n<li>Right to correction: You have the right to complete, correct, delete or block your personal data whenever you wish.<\/li>\n<li>If you give us consent to process your data, you have the right to withdraw this consent and have your personal data deleted.<\/li>\n<li>The right to transfer your data: you have the right to request all your personal data from the controller and to transfer it in its entirety to another controller.<\/li>\n<li>Right to object: you can object to the processing of your data. We follow this unless there are legitimate reasons for processing.<\/li>\n<\/ul>\n<p>To exercise these rights, please contact us. Contact details can be found at the bottom of this Cookie Policy. If you have a complaint about how we handle your data, we would like to hear about it, but you also have the right to complain to the supervisory authority (the Data Protection Authority).<\/p>\n<h3>10. Contact details<\/h3>\n<p>If you have any questions or comments about our cookie policy and this statement, please contact us using the following contact details:<\/p>\n<p>Eden\u2019s Grand Spa, s.r.o.<br \/>Rybn\u00e1 716\/24<br \/>110 00 Praha<br \/>I\u010cO 19855621<br \/>Phone: +420 734 739 973<br \/>E-mail: <a href=\"mailto:info@edensgarden.cz\">info@edensgarden.cz<\/a><\/p>\n<p>[\/et_pb_text][\/et_pb_column][\/et_pb_row][\/et_pb_section][et_pb_section fb_built=&#8221;1&#8243; disabled_on=&#8221;off|off|off&#8221; admin_label=&#8221;Druhy mas\u00e1\u017e\u00ed&#8221; module_id=&#8221;reservation&#8221; module_class=&#8221;tbvs-section-dark&#8221; _builder_version=&#8221;4.23&#8243; _module_preset=&#8221;default&#8221; background_color=&#8221;#111111&#8243; custom_padding=&#8221;32px||32px||true|false&#8221; global_module=&#8221;10916&#8243; saved_tabs=&#8221;all&#8221; collapsed=&#8221;off&#8221; global_colors_info=&#8221;{}&#8221;][et_pb_row _builder_version=&#8221;4.23&#8243; _module_preset=&#8221;default&#8221; max_width=&#8221;750px&#8221; custom_padding=&#8221;||3px||false|false&#8221; global_colors_info=&#8221;{}&#8221;][et_pb_column type=&#8221;4_4&#8243; _builder_version=&#8221;4.16&#8243; _module_preset=&#8221;default&#8221; global_colors_info=&#8221;{}&#8221;][et_pb_text disabled_on=&#8221;on|on|on&#8221; _builder_version=&#8221;4.23&#8243; _module_preset=&#8221;d42ddb61-4978-433c-93a3-27cdba76bfaf&#8221; header_3_font_size_tablet=&#8221;18px&#8221; header_3_font_size_phone=&#8221;16px&#8221; header_3_font_size_last_edited=&#8221;on|phone&#8221; disabled=&#8221;on&#8221; global_colors_info=&#8221;{}&#8221;]<\/p>\n<h3>Already 3 times in Prague<\/h3>\n<p>[\/et_pb_text][et_pb_text disabled_on=&#8221;off|off|off&#8221; _builder_version=&#8221;4.23&#8243; _module_preset=&#8221;default&#8221; header_2_font=&#8221;Titillium Web|700|||||||&#8221; header_2_font_size=&#8221;49px&#8221; header_2_line_height=&#8221;1.1em&#8221; text_orientation=&#8221;center&#8221; background_layout=&#8221;dark&#8221; hover_transition_duration=&#8221;0ms&#8221; header_2_font_size_tablet=&#8221;30px&#8221; header_2_font_size_phone=&#8221;23px&#8221; header_2_font_size_last_edited=&#8221;on|phone&#8221; global_colors_info=&#8221;{}&#8221;]<\/p>\n<h2>Reservation<\/h2>\n<p>[\/et_pb_text][\/et_pb_column][\/et_pb_row][et_pb_row column_structure=&#8221;1_4,1_4,1_4,1_4&#8243; use_custom_gutter=&#8221;on&#8221; gutter_width=&#8221;2&#8243; admin_label=&#8221;Row 4 benefits&#8221; module_class=&#8221;tbvs-blurb&#8221; _builder_version=&#8221;4.23&#8243; _module_preset=&#8221;default&#8221; custom_margin=&#8221;14px||3px||false|false&#8221; custom_padding=&#8221;3px|14px|3px|14px|true|true&#8221; hover_transition_duration=&#8221;0ms&#8221; border_radii=&#8221;on|12px|12px|12px|12px&#8221; global_colors_info=&#8221;{}&#8221; transform_styles__hover_enabled=&#8221;off|desktop&#8221; transform_scale__hover=&#8221;102%|102%&#8221; transform_scale__hover_enabled=&#8221;off|desktop&#8221; transform_translate__hover_enabled=&#8221;off|desktop&#8221; transform_rotate__hover_enabled=&#8221;off|desktop&#8221; transform_skew__hover_enabled=&#8221;off|desktop&#8221; transform_origin__hover_enabled=&#8221;off|desktop&#8221; background_color__hover=&#8221;#262626&#8243; background__hover_enabled=&#8221;off|desktop&#8221; background_enable_color__hover=&#8221;on&#8221;][et_pb_column type=&#8221;1_4&#8243; _builder_version=&#8221;4.20.2&#8243; _module_preset=&#8221;default&#8221; global_colors_info=&#8221;{}&#8221;][et_pb_blurb title=&#8221;Book Now&#8221; url=&#8221;https:\/\/grandior.edensgarden.cz\/en\/services\/reservation\/&#8221; use_icon=&#8221;on&#8221; font_icon=&#8221;&#xe0e3;||divi||400&#8243; image_icon_background_color=&#8221;RGBA(255,255,255,0)&#8221; image_icon_width=&#8221;60px&#8221; module_class=&#8221;tbvs-blurb&#8221; _builder_version=&#8221;4.23.1&#8243; _module_preset=&#8221;default&#8221; header_level=&#8221;h2&#8243; header_font=&#8221;Titillium Web|600|||||||&#8221; header_text_color=&#8221;#87CA04&#8243; header_font_size=&#8221;26px&#8221; body_font=&#8221;Titillium Web||||||||&#8221; body_font_size=&#8221;18px&#8221; text_orientation=&#8221;center&#8221; background_layout=&#8221;dark&#8221; custom_margin=&#8221;14px||3px||false|false&#8221; custom_padding=&#8221;16px|14px|16px|14px|true|true&#8221; hover_transition_duration=&#8221;0ms&#8221; link_option_url=&#8221;https:\/\/grandior.edensgarden.cz\/en\/services\/reservation\/&#8221; border_radii=&#8221;on|12px|12px|12px|12px&#8221; icon_font_size=&#8221;30px&#8221; use_circle=&#8221;on&#8221; circle_color=&#8221;#0000FF&#8221; global_colors_info=&#8221;{}&#8221; image_icon_background_color__sticky_enabled=&#8221;#87ca04&#8243; image_icon_background_color__sticky=&#8221;#87ca04&#8243; transform_styles__hover_enabled=&#8221;on|hover&#8221; transform_scale__hover_enabled=&#8221;on|hover&#8221; transform_translate__hover_enabled=&#8221;on|hover&#8221; transform_rotate__hover_enabled=&#8221;on|hover&#8221; transform_skew__hover_enabled=&#8221;on|hover&#8221; transform_origin__hover_enabled=&#8221;on|hover&#8221; background__hover_enabled=&#8221;on|hover&#8221; background_color__hover=&#8221;#262626&#8243; background_enable_color__hover=&#8221;on&#8221; transform_scale__hover=&#8221;102%|102%&#8221; header_text_color__hover_enabled=&#8221;on|hover&#8221; header_text_color__hover=&#8221;#C4FA59&#8243; icon_color__hover_enabled=&#8221;on|hover&#8221; icon_color__hover=&#8221;#C4FA59&#8243;]<\/p>\n<p>Book conveniently from your mobile, tablet or computer.<\/p>\n<p>[\/et_pb_blurb][\/et_pb_column][et_pb_column type=&#8221;1_4&#8243; _builder_version=&#8221;4.20.2&#8243; _module_preset=&#8221;default&#8221; global_colors_info=&#8221;{}&#8221;][et_pb_blurb title=&#8221;Grandior Spa Reception&#8221; use_icon=&#8221;on&#8221; font_icon=&#8221;&#xf1ad;||fa||900&#8243; image_icon_background_color=&#8221;RGBA(255,255,255,0)&#8221; image_icon_width=&#8221;60px&#8221; module_class=&#8221;tbvs-blurb&#8221; _builder_version=&#8221;4.23.1&#8243; _module_preset=&#8221;default&#8221; header_level=&#8221;h2&#8243; header_font=&#8221;Titillium Web|600|||||||&#8221; header_text_color=&#8221;#87CA04&#8243; header_font_size=&#8221;26px&#8221; body_font=&#8221;Titillium Web||||||||&#8221; body_font_size=&#8221;18px&#8221; text_orientation=&#8221;center&#8221; background_layout=&#8221;dark&#8221; custom_margin=&#8221;14px||3px||false|false&#8221; custom_padding=&#8221;16px|14px|16px|14px|true|true&#8221; hover_transition_duration=&#8221;0ms&#8221; border_radii=&#8221;on|12px|12px|12px|12px&#8221; icon_font_size=&#8221;30px&#8221; use_circle=&#8221;on&#8221; circle_color=&#8221;#0000FF&#8221; global_colors_info=&#8221;{}&#8221; image_icon_background_color__sticky_enabled=&#8221;#87ca04&#8243; image_icon_background_color__sticky=&#8221;#87ca04&#8243; transform_styles__hover_enabled=&#8221;on|hover&#8221; transform_scale__hover_enabled=&#8221;on|hover&#8221; transform_translate__hover_enabled=&#8221;on|hover&#8221; transform_rotate__hover_enabled=&#8221;on|hover&#8221; transform_skew__hover_enabled=&#8221;on|hover&#8221; transform_origin__hover_enabled=&#8221;on|hover&#8221; background__hover_enabled=&#8221;on|hover&#8221; background_color__hover=&#8221;#262626&#8243; background_enable_color__hover=&#8221;on&#8221; transform_scale__hover=&#8221;102%|102%&#8221;]<\/p>\n<p>Come and meet us at the reception in the hotel lobby.<\/p>\n<p>[\/et_pb_blurb][\/et_pb_column][et_pb_column type=&#8221;1_4&#8243; _builder_version=&#8221;4.20.2&#8243; _module_preset=&#8221;default&#8221; global_colors_info=&#8221;{}&#8221;][et_pb_blurb title=&#8221;+420 734 739 973&#8243; url=&#8221;tel:+420734739973&#8243; use_icon=&#8221;on&#8221; font_icon=&#8221;&#xf3cd;||fa||900&#8243; image_icon_background_color=&#8221;RGBA(255,255,255,0)&#8221; image_icon_width=&#8221;60px&#8221; module_class=&#8221;tbvs-blurb&#8221; _builder_version=&#8221;4.23.1&#8243; _module_preset=&#8221;default&#8221; header_level=&#8221;h2&#8243; header_font=&#8221;Titillium Web|600|||||||&#8221; header_text_color=&#8221;#87CA04&#8243; header_font_size=&#8221;26px&#8221; body_font=&#8221;Titillium Web||||||||&#8221; body_font_size=&#8221;18px&#8221; text_orientation=&#8221;center&#8221; background_layout=&#8221;dark&#8221; custom_margin=&#8221;14px||3px||false|false&#8221; custom_padding=&#8221;16px|14px|16px|14px|true|true&#8221; hover_transition_duration=&#8221;0ms&#8221; link_option_url=&#8221;tel:+420734739973&#8243; border_radii=&#8221;on|12px|12px|12px|12px&#8221; icon_font_size=&#8221;30px&#8221; use_circle=&#8221;on&#8221; circle_color=&#8221;#0000FF&#8221; global_colors_info=&#8221;{}&#8221; image_icon_background_color__sticky_enabled=&#8221;#87ca04&#8243; image_icon_background_color__sticky=&#8221;#87ca04&#8243; transform_styles__hover_enabled=&#8221;on|hover&#8221; background_color__hover=&#8221;#262626&#8243; background_enable_color__hover=&#8221;on&#8221; transform_scale__hover=&#8221;102%|102%&#8221; transform_scale__hover_enabled=&#8221;on|hover&#8221; transform_translate__hover_enabled=&#8221;on|hover&#8221; transform_rotate__hover_enabled=&#8221;on|hover&#8221; transform_skew__hover_enabled=&#8221;on|hover&#8221; transform_origin__hover_enabled=&#8221;on|hover&#8221; background__hover_enabled=&#8221;on|hover&#8221; header_text_color__hover_enabled=&#8221;on|desktop&#8221; header_text_color__hover=&#8221;#C4FA59&#8243; icon_color__hover_enabled=&#8221;on|desktop&#8221; icon_color__hover=&#8221;#C4FA59&#8243;]<\/p>\n<p>Wherever you are, give us a call.<\/p>\n<p>[\/et_pb_blurb][\/et_pb_column][et_pb_column type=&#8221;1_4&#8243; _builder_version=&#8221;4.20.2&#8243; _module_preset=&#8221;default&#8221; global_colors_info=&#8221;{}&#8221;][et_pb_blurb title=&#8221;5295&#8243; use_icon=&#8221;on&#8221; font_icon=&#8221;&#xf2a0;||fa||900&#8243; image_icon_background_color=&#8221;RGBA(255,255,255,0)&#8221; image_icon_width=&#8221;60px&#8221; module_class=&#8221;tbvs-blurb&#8221; _builder_version=&#8221;4.23.1&#8243; _module_preset=&#8221;default&#8221; header_level=&#8221;h2&#8243; header_font=&#8221;Titillium Web|600|||||||&#8221; header_text_color=&#8221;#87CA04&#8243; header_font_size=&#8221;26px&#8221; body_font=&#8221;Titillium Web||||||||&#8221; body_font_size=&#8221;18px&#8221; text_orientation=&#8221;center&#8221; background_layout=&#8221;dark&#8221; custom_margin=&#8221;14px||3px||false|false&#8221; custom_padding=&#8221;16px|14px|16px|14px|true|true&#8221; hover_transition_duration=&#8221;0ms&#8221; border_radii=&#8221;on|12px|12px|12px|12px&#8221; icon_font_size=&#8221;30px&#8221; use_circle=&#8221;on&#8221; circle_color=&#8221;#0000FF&#8221; global_colors_info=&#8221;{}&#8221; image_icon_background_color__sticky_enabled=&#8221;#87ca04&#8243; image_icon_background_color__sticky=&#8221;#87ca04&#8243; transform_styles__hover_enabled=&#8221;on|hover&#8221; background_color__hover=&#8221;#262626&#8243; background_enable_color__hover=&#8221;on&#8221; transform_scale__hover=&#8221;102%|102%&#8221; transform_scale__hover_enabled=&#8221;on|hover&#8221; transform_translate__hover_enabled=&#8221;on|hover&#8221; transform_rotate__hover_enabled=&#8221;on|hover&#8221; transform_skew__hover_enabled=&#8221;on|hover&#8221; transform_origin__hover_enabled=&#8221;on|hover&#8221; background__hover_enabled=&#8221;on|hover&#8221;]<\/p>\n<p>Call us directly from your room at Grandior hotel.<\/p>\n<p>[\/et_pb_blurb][\/et_pb_column][\/et_pb_row][et_pb_row module_class=&#8221;tbvs-inline-button-center&#8221; _builder_version=&#8221;4.20.4&#8243; _module_preset=&#8221;default&#8221; max_width=&#8221;750px&#8221; custom_padding=&#8221;||3px||false|false&#8221; global_colors_info=&#8221;{}&#8221;][et_pb_column type=&#8221;4_4&#8243; _builder_version=&#8221;4.16&#8243; _module_preset=&#8221;default&#8221; global_colors_info=&#8221;{}&#8221;][et_pb_divider show_divider=&#8221;off&#8221; _builder_version=&#8221;4.23&#8243; _module_preset=&#8221;default&#8221; height=&#8221;30px&#8221; global_colors_info=&#8221;{}&#8221;][\/et_pb_divider][\/et_pb_column][\/et_pb_row][\/et_pb_section]<\/p>\n","protected":false},"excerpt":{"rendered":"<p>We bring you the best massages1. Introduction Our website https:\/\/grandior.edensgarden.cz\/ (hereinafter referred to as the &#8220;website&#8221;) uses cookies and other related technologies (for convenience, all technologies are referred to as &#8220;cookies&#8221;). Cookies are also inserted by third parties that we have engaged. In the document below we inform you about the use of cookies on our website. 2. What are cookies? A cookie is a small, simple file that is sent along with the pages of this website and stored by the browser on the hard drive of your computer or other device. The information stored therein may be returned to our servers or to the servers of the relevant third parties during a subsequent visit. 3. What are scripts? A script is a piece of programming code that is used to make our website work properly and interactively. This code is run on our server or on your device. 4. What is a web beacon? A web beacon (or pixel tag) is a small, invisible piece of text or image on a website that is used to track web traffic. In order to do this, various data about you is stored using web beacons. 5. Cookies 5.1 Technical or [&hellip;]<\/p>\n","protected":false},"author":2,"featured_media":0,"parent":0,"menu_order":19,"comment_status":"closed","ping_status":"closed","template":"","meta":{"_et_pb_use_builder":"on","_et_pb_old_content":"","_et_gb_content_width":"","footnotes":""},"class_list":["post-12816","page","type-page","status-publish","hentry"],"_links":{"self":[{"href":"https:\/\/grandior.edensgarden.cz\/en\/wp-json\/wp\/v2\/pages\/12816","targetHints":{"allow":["GET"]}}],"collection":[{"href":"https:\/\/grandior.edensgarden.cz\/en\/wp-json\/wp\/v2\/pages"}],"about":[{"href":"https:\/\/grandior.edensgarden.cz\/en\/wp-json\/wp\/v2\/types\/page"}],"author":[{"embeddable":true,"href":"https:\/\/grandior.edensgarden.cz\/en\/wp-json\/wp\/v2\/users\/2"}],"replies":[{"embeddable":true,"href":"https:\/\/grandior.edensgarden.cz\/en\/wp-json\/wp\/v2\/comments?post=12816"}],"version-history":[{"count":0,"href":"https:\/\/grandior.edensgarden.cz\/en\/wp-json\/wp\/v2\/pages\/12816\/revisions"}],"wp:attachment":[{"href":"https:\/\/grandior.edensgarden.cz\/en\/wp-json\/wp\/v2\/media?parent=12816"}],"curies":[{"name":"wp","href":"https:\/\/api.w.org\/{rel}","templated":true}]}}